{"id":12,"date":"2023-07-15T02:09:24","date_gmt":"2023-07-15T02:09:24","guid":{"rendered":"https:\/\/infortect.edu.co\/?page_id=12"},"modified":"2023-07-15T04:34:03","modified_gmt":"2023-07-15T04:34:03","slug":"institucion","status":"publish","type":"page","link":"https:\/\/infortect.edu.co\/index.php\/institucion\/","title":{"rendered":"Institucion"},"content":{"rendered":"\t\t<div data-elementor-type=\"wp-page\" data-elementor-id=\"12\" class=\"elementor elementor-12\" data-elementor-post-type=\"page\">\n\t\t\t\t\t\t\t\t\t<section class=\"elementor-section elementor-top-section elementor-element elementor-element-924cfc2 elementor-section-boxed elementor-section-height-default elementor-section-height-default\" data-id=\"924cfc2\" data-element_type=\"section\" data-settings=\"{&quot;background_background&quot;:&quot;gradient&quot;}\">\n\t\t\t\t\t\t<div class=\"elementor-container elementor-column-gap-default\">\n\t\t\t\t\t<div class=\"elementor-column elementor-col-50 elementor-top-column elementor-element elementor-element-9fdb1ad\" data-id=\"9fdb1ad\" data-element_type=\"column\">\n\t\t\t<div class=\"elementor-widget-wrap elementor-element-populated\">\n\t\t\t\t\t\t\t\t<div class=\"elementor-element elementor-element-e288fdf elementor-widget elementor-widget-image\" data-id=\"e288fdf\" data-element_type=\"widget\" data-widget_type=\"image.default\">\n\t\t\t\t<div class=\"elementor-widget-container\">\n\t\t\t<style>\/*! elementor - v3.14.0 - 26-06-2023 *\/\n.elementor-widget-image{text-align:center}.elementor-widget-image a{display:inline-block}.elementor-widget-image a img[src$=\".svg\"]{width:48px}.elementor-widget-image img{vertical-align:middle;display:inline-block}<\/style>\t\t\t\t\t\t\t\t\t\t\t\t<img decoding=\"async\" width=\"300\" height=\"200\" src=\"https:\/\/infortect.edu.co\/wp-content\/uploads\/2023\/07\/infortec2-ts1516639018-e1689387341483-300x200.png\" class=\"attachment-medium size-medium wp-image-23\" alt=\"\" loading=\"lazy\" srcset=\"https:\/\/infortect.edu.co\/wp-content\/uploads\/2023\/07\/infortec2-ts1516639018-e1689387341483-300x200.png 300w, https:\/\/infortect.edu.co\/wp-content\/uploads\/2023\/07\/infortec2-ts1516639018-e1689387341483-768x512.png 768w, https:\/\/infortect.edu.co\/wp-content\/uploads\/2023\/07\/infortec2-ts1516639018-e1689387341483-149x99.png 149w, https:\/\/infortect.edu.co\/wp-content\/uploads\/2023\/07\/infortec2-ts1516639018-e1689387341483.png 772w\" sizes=\"(max-width: 300px) 100vw, 300px\" \/>\t\t\t\t\t\t\t\t\t\t\t\t\t\t\t<\/div>\n\t\t\t\t<\/div>\n\t\t\t\t<div class=\"elementor-element elementor-element-bd6b679 elementor-widget elementor-widget-text-editor\" data-id=\"bd6b679\" data-element_type=\"widget\" data-widget_type=\"text-editor.default\">\n\t\t\t\t<div class=\"elementor-widget-container\">\n\t\t\t<style>\/*! elementor - v3.14.0 - 26-06-2023 *\/\n.elementor-widget-text-editor.elementor-drop-cap-view-stacked .elementor-drop-cap{background-color:#69727d;color:#fff}.elementor-widget-text-editor.elementor-drop-cap-view-framed .elementor-drop-cap{color:#69727d;border:3px solid;background-color:transparent}.elementor-widget-text-editor:not(.elementor-drop-cap-view-default) .elementor-drop-cap{margin-top:8px}.elementor-widget-text-editor:not(.elementor-drop-cap-view-default) .elementor-drop-cap-letter{width:1em;height:1em}.elementor-widget-text-editor .elementor-drop-cap{float:left;text-align:center;line-height:1;font-size:50px}.elementor-widget-text-editor .elementor-drop-cap-letter{display:inline-block}<\/style>\t\t\t\t<p class=\"wb-stl-normal\"><em>Resoluci\u00f3n No. 675\u00a0Agosto 28 de 2015<\/em><\/p><p class=\"wb-stl-normal\"><em>Aprovado por las secretar\u00eda de educaci\u00f3n de Girardot<\/em><\/p>\t\t\t\t\t\t<\/div>\n\t\t\t\t<\/div>\n\t\t\t\t\t<\/div>\n\t\t<\/div>\n\t\t\t\t<div class=\"elementor-column elementor-col-50 elementor-top-column elementor-element elementor-element-62f00ba\" data-id=\"62f00ba\" data-element_type=\"column\">\n\t\t\t<div class=\"elementor-widget-wrap elementor-element-populated\">\n\t\t\t\t\t\t\t\t<div class=\"elementor-element elementor-element-acf3fc0 elementor-arrows-position-inside elementor-widget elementor-widget-image-carousel\" data-id=\"acf3fc0\" data-element_type=\"widget\" data-settings=\"{&quot;slides_to_show&quot;:&quot;1&quot;,&quot;navigation&quot;:&quot;arrows&quot;,&quot;autoplay&quot;:&quot;yes&quot;,&quot;pause_on_hover&quot;:&quot;yes&quot;,&quot;pause_on_interaction&quot;:&quot;yes&quot;,&quot;autoplay_speed&quot;:5000,&quot;infinite&quot;:&quot;yes&quot;,&quot;effect&quot;:&quot;slide&quot;,&quot;speed&quot;:500}\" data-widget_type=\"image-carousel.default\">\n\t\t\t\t<div class=\"elementor-widget-container\">\n\t\t\t<style>\/*! elementor - v3.14.0 - 26-06-2023 *\/\n.elementor-widget-image-carousel .swiper,.elementor-widget-image-carousel .swiper-container{position:static}.elementor-widget-image-carousel .swiper-container .swiper-slide figure,.elementor-widget-image-carousel .swiper .swiper-slide figure{line-height:inherit}.elementor-widget-image-carousel .swiper-slide{text-align:center}.elementor-image-carousel-wrapper:not(.swiper-container-initialized):not(.swiper-initialized) .swiper-slide{max-width:calc(100% \/ var(--e-image-carousel-slides-to-show, 3))}<\/style>\t\t<div class=\"elementor-image-carousel-wrapper swiper\" dir=\"ltr\">\n\t\t\t<div class=\"elementor-image-carousel swiper-wrapper\" aria-live=\"off\">\n\t\t\t\t\t\t\t\t<div class=\"swiper-slide\" role=\"group\" aria-roledescription=\"slide\" aria-label=\"1 de 6\"><figure class=\"swiper-slide-inner\"><img decoding=\"async\" class=\"swiper-slide-image\" src=\"https:\/\/infortect.edu.co\/wp-content\/uploads\/2023\/07\/inicio-slider-1-1.jpg\" alt=\"inicio slider 1\" \/><\/figure><\/div><div class=\"swiper-slide\" role=\"group\" aria-roledescription=\"slide\" aria-label=\"2 de 6\"><figure class=\"swiper-slide-inner\"><img decoding=\"async\" class=\"swiper-slide-image\" src=\"https:\/\/infortect.edu.co\/wp-content\/uploads\/2023\/07\/institucion-1.jpg\" alt=\"institucion 1\" \/><\/figure><\/div><div class=\"swiper-slide\" role=\"group\" aria-roledescription=\"slide\" aria-label=\"3 de 6\"><figure class=\"swiper-slide-inner\"><img decoding=\"async\" class=\"swiper-slide-image\" src=\"https:\/\/infortect.edu.co\/wp-content\/uploads\/2023\/07\/institucion-2.jpg\" alt=\"institucion 2\" \/><\/figure><\/div><div class=\"swiper-slide\" role=\"group\" aria-roledescription=\"slide\" aria-label=\"4 de 6\"><figure class=\"swiper-slide-inner\"><img decoding=\"async\" class=\"swiper-slide-image\" src=\"https:\/\/infortect.edu.co\/wp-content\/uploads\/2023\/07\/institucion-3.jpg\" alt=\"institucion 3\" \/><\/figure><\/div><div class=\"swiper-slide\" role=\"group\" aria-roledescription=\"slide\" aria-label=\"5 de 6\"><figure class=\"swiper-slide-inner\"><img decoding=\"async\" class=\"swiper-slide-image\" src=\"https:\/\/infortect.edu.co\/wp-content\/uploads\/2023\/07\/institucion-4-scaled.jpg\" alt=\"institucion 4\" \/><\/figure><\/div><div class=\"swiper-slide\" role=\"group\" aria-roledescription=\"slide\" aria-label=\"6 de 6\"><figure class=\"swiper-slide-inner\"><img decoding=\"async\" class=\"swiper-slide-image\" src=\"https:\/\/infortect.edu.co\/wp-content\/uploads\/2023\/07\/institucion-5.jpg\" alt=\"institucion 5\" \/><\/figure><\/div>\t\t\t<\/div>\n\t\t\t\t\t\t\t\t\t\t\t\t<div class=\"elementor-swiper-button elementor-swiper-button-prev\" role=\"button\" tabindex=\"0\">\n\t\t\t\t\t\t<i aria-hidden=\"true\" class=\"eicon-chevron-left\"><\/i>\t\t\t\t\t<\/div>\n\t\t\t\t\t<div class=\"elementor-swiper-button elementor-swiper-button-next\" role=\"button\" tabindex=\"0\">\n\t\t\t\t\t\t<i aria-hidden=\"true\" class=\"eicon-chevron-right\"><\/i>\t\t\t\t\t<\/div>\n\t\t\t\t\n\t\t\t\t\t\t\t\t\t<\/div>\n\t\t\t\t<\/div>\n\t\t\t\t<\/div>\n\t\t\t\t\t<\/div>\n\t\t<\/div>\n\t\t\t\t\t\t\t<\/div>\n\t\t<\/section>\n\t\t\t\t<section class=\"elementor-section elementor-top-section elementor-element elementor-element-ece495c elementor-section-boxed elementor-section-height-default elementor-section-height-default\" data-id=\"ece495c\" data-element_type=\"section\">\n\t\t\t\t\t\t<div class=\"elementor-container elementor-column-gap-default\">\n\t\t\t\t\t<div class=\"elementor-column elementor-col-100 elementor-top-column elementor-element elementor-element-019a49b\" data-id=\"019a49b\" data-element_type=\"column\">\n\t\t\t<div class=\"elementor-widget-wrap elementor-element-populated\">\n\t\t\t\t\t\t\t\t<div class=\"elementor-element elementor-element-980d2de elementor-widget elementor-widget-heading\" data-id=\"980d2de\" data-element_type=\"widget\" data-widget_type=\"heading.default\">\n\t\t\t\t<div class=\"elementor-widget-container\">\n\t\t\t<style>\/*! elementor - v3.14.0 - 26-06-2023 *\/\n.elementor-heading-title{padding:0;margin:0;line-height:1}.elementor-widget-heading .elementor-heading-title[class*=elementor-size-]>a{color:inherit;font-size:inherit;line-height:inherit}.elementor-widget-heading .elementor-heading-title.elementor-size-small{font-size:15px}.elementor-widget-heading .elementor-heading-title.elementor-size-medium{font-size:19px}.elementor-widget-heading .elementor-heading-title.elementor-size-large{font-size:29px}.elementor-widget-heading .elementor-heading-title.elementor-size-xl{font-size:39px}.elementor-widget-heading .elementor-heading-title.elementor-size-xxl{font-size:59px}<\/style><h2 class=\"elementor-heading-title elementor-size-default\">Instituci\u00f3n De Formaci\u00f3n T\u00e9cnica Y Para el Trabajo INFORTECT S.A.S<\/h2>\t\t<\/div>\n\t\t\t\t<\/div>\n\t\t\t\t<section class=\"elementor-section elementor-inner-section elementor-element elementor-element-8ba4692 elementor-section-boxed elementor-section-height-default elementor-section-height-default\" data-id=\"8ba4692\" data-element_type=\"section\">\n\t\t\t\t\t\t<div class=\"elementor-container elementor-column-gap-default\">\n\t\t\t\t\t<div class=\"elementor-column elementor-col-50 elementor-inner-column elementor-element elementor-element-e3cad3d\" data-id=\"e3cad3d\" data-element_type=\"column\">\n\t\t\t<div class=\"elementor-widget-wrap elementor-element-populated\">\n\t\t\t\t\t\t\t\t<div class=\"elementor-element elementor-element-4d68eaa elementor-widget elementor-widget-image\" data-id=\"4d68eaa\" data-element_type=\"widget\" data-widget_type=\"image.default\">\n\t\t\t\t<div class=\"elementor-widget-container\">\n\t\t\t\t\t\t\t\t\t\t\t\t\t\t\t<img decoding=\"async\" width=\"587\" height=\"377\" src=\"https:\/\/infortect.edu.co\/wp-content\/uploads\/2023\/07\/c52be0a6d707e727ad4787adf8dc6328.png\" class=\"attachment-large size-large wp-image-180\" alt=\"\" loading=\"lazy\" srcset=\"https:\/\/infortect.edu.co\/wp-content\/uploads\/2023\/07\/c52be0a6d707e727ad4787adf8dc6328.png 587w, https:\/\/infortect.edu.co\/wp-content\/uploads\/2023\/07\/c52be0a6d707e727ad4787adf8dc6328-300x193.png 300w\" sizes=\"(max-width: 587px) 100vw, 587px\" \/>\t\t\t\t\t\t\t\t\t\t\t\t\t\t\t<\/div>\n\t\t\t\t<\/div>\n\t\t\t\t\t<\/div>\n\t\t<\/div>\n\t\t\t\t<div class=\"elementor-column elementor-col-50 elementor-inner-column elementor-element elementor-element-02d4fa7\" data-id=\"02d4fa7\" data-element_type=\"column\">\n\t\t\t<div class=\"elementor-widget-wrap elementor-element-populated\">\n\t\t\t\t\t\t\t\t<div class=\"elementor-element elementor-element-0e74954 elementor-widget elementor-widget-text-editor\" data-id=\"0e74954\" data-element_type=\"widget\" data-widget_type=\"text-editor.default\">\n\t\t\t\t<div class=\"elementor-widget-container\">\n\t\t\t\t\t\t\t<p class=\"wb-stl-heading3\">Somos una instituci\u00f3n de educaci\u00f3n t\u00e9cnica, y para el trabajo del orden privado, formamos personas competentes para contribuir al desarrollo personal social y satisfacer la necesidades de la comunidad, con alta calidad t\u00e9cnica, cient\u00edfica y solidos valores, que se integren al proceso productivo del pa\u00eds.<\/p>\t\t\t\t\t\t<\/div>\n\t\t\t\t<\/div>\n\t\t\t\t\t<\/div>\n\t\t<\/div>\n\t\t\t\t\t\t\t<\/div>\n\t\t<\/section>\n\t\t\t\t\t<\/div>\n\t\t<\/div>\n\t\t\t\t\t\t\t<\/div>\n\t\t<\/section>\n\t\t\t\t<section class=\"elementor-section elementor-top-section elementor-element elementor-element-fcafe8d elementor-section-boxed elementor-section-height-default elementor-section-height-default\" data-id=\"fcafe8d\" data-element_type=\"section\" data-settings=\"{&quot;background_background&quot;:&quot;classic&quot;}\">\n\t\t\t\t\t\t<div class=\"elementor-container elementor-column-gap-default\">\n\t\t\t\t\t<div class=\"elementor-column elementor-col-50 elementor-top-column elementor-element elementor-element-9a667bf\" data-id=\"9a667bf\" data-element_type=\"column\">\n\t\t\t<div class=\"elementor-widget-wrap elementor-element-populated\">\n\t\t\t\t\t\t\t\t<div class=\"elementor-element elementor-element-748ab88 elementor-widget elementor-widget-text-editor\" data-id=\"748ab88\" data-element_type=\"widget\" data-widget_type=\"text-editor.default\">\n\t\t\t\t<div class=\"elementor-widget-container\">\n\t\t\t\t\t\t\t<p class=\"wb-stl-heading3\"><span lang=\"ES-CO\">La instituci\u00f3n de FORMACI\u00d3N T\u00c9CNICA, y para el trabajo\u201d <u>INFORTECT<\/u>&nbsp;se propone ser un centro de formaci\u00f3n integral de mayor impacto para la regi\u00f3n del alto magdalena y su conurbaci\u00f3n, que responda a las condiciones de calidad y cobertura, con programas acad\u00e9micos y proyectos emprendedores pertinente con la din\u00e1mica nacional e internacional.<\/span><\/p>\t\t\t\t\t\t<\/div>\n\t\t\t\t<\/div>\n\t\t\t\t\t<\/div>\n\t\t<\/div>\n\t\t\t\t<div class=\"elementor-column elementor-col-50 elementor-top-column elementor-element elementor-element-2d54307\" data-id=\"2d54307\" data-element_type=\"column\">\n\t\t\t<div class=\"elementor-widget-wrap elementor-element-populated\">\n\t\t\t\t\t\t\t\t<div class=\"elementor-element elementor-element-e7fae1e elementor-widget elementor-widget-image\" data-id=\"e7fae1e\" data-element_type=\"widget\" data-widget_type=\"image.default\">\n\t\t\t\t<div class=\"elementor-widget-container\">\n\t\t\t\t\t\t\t\t\t\t\t\t\t\t\t<img decoding=\"async\" width=\"567\" height=\"362\" src=\"https:\/\/infortect.edu.co\/wp-content\/uploads\/2023\/07\/25df80dda5dec2bc2051a9948e6adeb8.png\" class=\"attachment-large size-large wp-image-158\" alt=\"\" loading=\"lazy\" srcset=\"https:\/\/infortect.edu.co\/wp-content\/uploads\/2023\/07\/25df80dda5dec2bc2051a9948e6adeb8.png 567w, https:\/\/infortect.edu.co\/wp-content\/uploads\/2023\/07\/25df80dda5dec2bc2051a9948e6adeb8-300x192.png 300w\" sizes=\"(max-width: 567px) 100vw, 567px\" \/>\t\t\t\t\t\t\t\t\t\t\t\t\t\t\t<\/div>\n\t\t\t\t<\/div>\n\t\t\t\t\t<\/div>\n\t\t<\/div>\n\t\t\t\t\t\t\t<\/div>\n\t\t<\/section>\n\t\t\t\t<section class=\"elementor-section elementor-top-section elementor-element elementor-element-cb9b16b elementor-section-boxed elementor-section-height-default elementor-section-height-default\" data-id=\"cb9b16b\" data-element_type=\"section\">\n\t\t\t\t\t\t<div class=\"elementor-container elementor-column-gap-default\">\n\t\t\t\t\t<div class=\"elementor-column elementor-col-100 elementor-top-column elementor-element elementor-element-3ddab92\" data-id=\"3ddab92\" data-element_type=\"column\">\n\t\t\t<div class=\"elementor-widget-wrap elementor-element-populated\">\n\t\t\t\t\t\t\t\t<div class=\"elementor-element elementor-element-77bcc47 elementor-widget elementor-widget-heading\" data-id=\"77bcc47\" data-element_type=\"widget\" data-widget_type=\"heading.default\">\n\t\t\t\t<div class=\"elementor-widget-container\">\n\t\t\t<h2 class=\"elementor-heading-title elementor-size-default\">Formaci\u00f3n Especializada\n<\/h2>\t\t<\/div>\n\t\t\t\t<\/div>\n\t\t\t\t<section class=\"elementor-section elementor-inner-section elementor-element elementor-element-a71268c elementor-section-boxed elementor-section-height-default elementor-section-height-default\" data-id=\"a71268c\" data-element_type=\"section\">\n\t\t\t\t\t\t<div class=\"elementor-container elementor-column-gap-default\">\n\t\t\t\t\t<div class=\"elementor-column elementor-col-50 elementor-inner-column elementor-element elementor-element-52b7a88\" data-id=\"52b7a88\" data-element_type=\"column\">\n\t\t\t<div class=\"elementor-widget-wrap elementor-element-populated\">\n\t\t\t\t\t\t\t\t<div class=\"elementor-element elementor-element-81830f5 elementor-widget elementor-widget-text-editor\" data-id=\"81830f5\" data-element_type=\"widget\" data-widget_type=\"text-editor.default\">\n\t\t\t\t<div class=\"elementor-widget-container\">\n\t\t\t\t\t\t\t<div id=\"wb_element_instance66\" class=\"wb_element wb_text_element\"><p class=\"wb-stl-heading3\"><span lang=\"ES-CO\">INFORTEC se especializa en formacion donde\u00a0desarrollen funciones de cuidado y orientaci\u00f3n en salud a la personas y comunidades en aspectos de promoci\u00f3n, prevenci\u00f3n y rehabilitaci\u00f3n, bajo la supervisi\u00f3n de un profesional en salud en los diferentes niveles de complejidad del Sistema General de Seguridad Social en Salud (S.G.S.S). Justificaci\u00f3n del Nivel: El Auxiliar de Enfermer\u00eda provee cuidado integral b\u00e1sico en salud a las personas y desarrolla sus funciones de responsabilidad bajo la orientaci\u00f3n de profesionales en saludEl Auxiliar de Enfermer\u00eda provee cuidado integral b\u00e1sico en salud a las personas y desarrolla sus funciones de responsabilidad bajo la orientaci\u00f3n de profesionales en salud<\/span><\/p><\/div><p id=\"wb_element_instance67\" class=\"wb_element wb_text_element\">\u00a0<\/p>\t\t\t\t\t\t<\/div>\n\t\t\t\t<\/div>\n\t\t\t\t\t<\/div>\n\t\t<\/div>\n\t\t\t\t<div class=\"elementor-column elementor-col-50 elementor-inner-column elementor-element elementor-element-01663d6\" data-id=\"01663d6\" data-element_type=\"column\">\n\t\t\t<div class=\"elementor-widget-wrap elementor-element-populated\">\n\t\t\t\t\t\t\t\t<div class=\"elementor-element elementor-element-8ccccab elementor-widget elementor-widget-image\" data-id=\"8ccccab\" data-element_type=\"widget\" data-widget_type=\"image.default\">\n\t\t\t\t<div class=\"elementor-widget-container\">\n\t\t\t\t\t\t\t\t\t\t\t\t\t\t\t<img decoding=\"async\" width=\"640\" height=\"420\" src=\"https:\/\/infortect.edu.co\/wp-content\/uploads\/2023\/07\/8665fa253fc1cd74c2e0b2ee2b547edd_640x430.png\" class=\"attachment-large size-large wp-image-187\" alt=\"\" loading=\"lazy\" srcset=\"https:\/\/infortect.edu.co\/wp-content\/uploads\/2023\/07\/8665fa253fc1cd74c2e0b2ee2b547edd_640x430.png 640w, https:\/\/infortect.edu.co\/wp-content\/uploads\/2023\/07\/8665fa253fc1cd74c2e0b2ee2b547edd_640x430-300x197.png 300w\" sizes=\"(max-width: 640px) 100vw, 640px\" \/>\t\t\t\t\t\t\t\t\t\t\t\t\t\t\t<\/div>\n\t\t\t\t<\/div>\n\t\t\t\t\t<\/div>\n\t\t<\/div>\n\t\t\t\t\t\t\t<\/div>\n\t\t<\/section>\n\t\t\t\t\t<\/div>\n\t\t<\/div>\n\t\t\t\t\t\t\t<\/div>\n\t\t<\/section>\n\t\t\t\t<section class=\"elementor-section elementor-top-section elementor-element elementor-element-e63a6d2 elementor-section-boxed elementor-section-height-default elementor-section-height-default\" data-id=\"e63a6d2\" data-element_type=\"section\">\n\t\t\t\t\t\t<div class=\"elementor-container elementor-column-gap-default\">\n\t\t\t\t\t<div class=\"elementor-column elementor-col-100 elementor-top-column elementor-element elementor-element-39855cc\" data-id=\"39855cc\" data-element_type=\"column\">\n\t\t\t<div class=\"elementor-widget-wrap elementor-element-populated\">\n\t\t\t\t\t\t\t\t<div class=\"elementor-element elementor-element-a19271c elementor-widget elementor-widget-heading\" data-id=\"a19271c\" data-element_type=\"widget\" data-widget_type=\"heading.default\">\n\t\t\t\t<div class=\"elementor-widget-container\">\n\t\t\t<h2 class=\"elementor-heading-title elementor-size-default\">Localizaci\u00f3n e Instalaciones<\/h2>\t\t<\/div>\n\t\t\t\t<\/div>\n\t\t\t\t<section class=\"elementor-section elementor-inner-section elementor-element elementor-element-39d6bbf elementor-section-boxed elementor-section-height-default elementor-section-height-default\" data-id=\"39d6bbf\" data-element_type=\"section\">\n\t\t\t\t\t\t<div class=\"elementor-container elementor-column-gap-default\">\n\t\t\t\t\t<div class=\"elementor-column elementor-col-50 elementor-inner-column elementor-element elementor-element-81c20c2\" data-id=\"81c20c2\" data-element_type=\"column\">\n\t\t\t<div class=\"elementor-widget-wrap elementor-element-populated\">\n\t\t\t\t\t\t\t\t<div class=\"elementor-element elementor-element-b8093c9 elementor-widget elementor-widget-google_maps\" data-id=\"b8093c9\" data-element_type=\"widget\" data-widget_type=\"google_maps.default\">\n\t\t\t\t<div class=\"elementor-widget-container\">\n\t\t\t<style>\/*! elementor - v3.14.0 - 26-06-2023 *\/\n.elementor-widget-google_maps .elementor-widget-container{overflow:hidden}.elementor-widget-google_maps .elementor-custom-embed{line-height:0}.elementor-widget-google_maps iframe{height:300px}<\/style>\t\t<div class=\"elementor-custom-embed\">\n\t\t\t<iframe loading=\"lazy\"\n\t\t\t\t\tsrc=\"https:\/\/maps.google.com\/maps?q=Cl.%2019%20%2311-20%2F26%2C%20Girardot%2C%20Cundinamarca&#038;t=m&#038;z=15&#038;output=embed&#038;iwloc=near\"\n\t\t\t\t\ttitle=\"Cl. 19 #11-20\/26, Girardot, Cundinamarca\"\n\t\t\t\t\taria-label=\"Cl. 19 #11-20\/26, Girardot, Cundinamarca\"\n\t\t\t><\/iframe>\n\t\t<\/div>\n\t\t\t\t<\/div>\n\t\t\t\t<\/div>\n\t\t\t\t\t<\/div>\n\t\t<\/div>\n\t\t\t\t<div class=\"elementor-column elementor-col-50 elementor-inner-column elementor-element elementor-element-884459f\" data-id=\"884459f\" data-element_type=\"column\">\n\t\t\t<div class=\"elementor-widget-wrap elementor-element-populated\">\n\t\t\t\t\t\t\t\t<div class=\"elementor-element elementor-element-18b5175 elementor-widget elementor-widget-image\" data-id=\"18b5175\" data-element_type=\"widget\" data-widget_type=\"image.default\">\n\t\t\t\t<div class=\"elementor-widget-container\">\n\t\t\t\t\t\t\t\t\t\t\t\t\t\t\t<img decoding=\"async\" width=\"768\" height=\"1024\" src=\"https:\/\/infortect.edu.co\/wp-content\/uploads\/2023\/07\/img-20161008-wa0007-ts1516718779-1-768x1024.jpg\" class=\"attachment-large size-large wp-image-195\" alt=\"\" loading=\"lazy\" srcset=\"https:\/\/infortect.edu.co\/wp-content\/uploads\/2023\/07\/img-20161008-wa0007-ts1516718779-1-768x1024.jpg 768w, https:\/\/infortect.edu.co\/wp-content\/uploads\/2023\/07\/img-20161008-wa0007-ts1516718779-1-225x300.jpg 225w, https:\/\/infortect.edu.co\/wp-content\/uploads\/2023\/07\/img-20161008-wa0007-ts1516718779-1.jpg 960w\" sizes=\"(max-width: 768px) 100vw, 768px\" \/>\t\t\t\t\t\t\t\t\t\t\t\t\t\t\t<\/div>\n\t\t\t\t<\/div>\n\t\t\t\t\t<\/div>\n\t\t<\/div>\n\t\t\t\t\t\t\t<\/div>\n\t\t<\/section>\n\t\t\t\t\t<\/div>\n\t\t<\/div>\n\t\t\t\t\t\t\t<\/div>\n\t\t<\/section>\n\t\t\t\t\t\t\t<\/div>\n\t\t","protected":false},"excerpt":{"rendered":"<p>Resoluci\u00f3n No. 675\u00a0Agosto 28 de 2015 Aprovado por las secretar\u00eda de educaci\u00f3n de Girardot Instituci\u00f3n De Formaci\u00f3n T\u00e9cnica Y Para el Trabajo INFORTECT S.A.S Somos una instituci\u00f3n de educaci\u00f3n t\u00e9cnica, y para el trabajo del orden privado, formamos personas competentes para contribuir al desarrollo personal social y satisfacer la necesidades de la comunidad, con alta &hellip;<\/p>\n<p class=\"read-more\"> <a class=\"\" href=\"https:\/\/infortect.edu.co\/index.php\/institucion\/\"> <span class=\"screen-reader-text\">Institucion<\/span> Leer m\u00e1s &raquo;<\/a><\/p>\n","protected":false},"author":1,"featured_media":0,"parent":0,"menu_order":0,"comment_status":"closed","ping_status":"closed","template":"","meta":{"site-sidebar-layout":"no-sidebar","site-content-layout":"page-builder","ast-global-header-display":"","ast-banner-title-visibility":"","ast-main-header-display":"","ast-hfb-above-header-display":"","ast-hfb-below-header-display":"","ast-hfb-mobile-header-display":"","site-post-title":"disabled","ast-breadcrumbs-content":"","ast-featured-img":"disabled","footer-sml-layout":"","theme-transparent-header-meta":"","adv-header-id-meta":"","stick-header-meta":"","header-above-stick-meta":"","header-main-stick-meta":"","header-below-stick-meta":""},"_links":{"self":[{"href":"https:\/\/infortect.edu.co\/index.php\/wp-json\/wp\/v2\/pages\/12"}],"collection":[{"href":"https:\/\/infortect.edu.co\/index.php\/wp-json\/wp\/v2\/pages"}],"about":[{"href":"https:\/\/infortect.edu.co\/index.php\/wp-json\/wp\/v2\/types\/page"}],"author":[{"embeddable":true,"href":"https:\/\/infortect.edu.co\/index.php\/wp-json\/wp\/v2\/users\/1"}],"replies":[{"embeddable":true,"href":"https:\/\/infortect.edu.co\/index.php\/wp-json\/wp\/v2\/comments?post=12"}],"version-history":[{"count":31,"href":"https:\/\/infortect.edu.co\/index.php\/wp-json\/wp\/v2\/pages\/12\/revisions"}],"predecessor-version":[{"id":207,"href":"https:\/\/infortect.edu.co\/index.php\/wp-json\/wp\/v2\/pages\/12\/revisions\/207"}],"wp:attachment":[{"href":"https:\/\/infortect.edu.co\/index.php\/wp-json\/wp\/v2\/media?parent=12"}],"curies":[{"name":"wp","href":"https:\/\/api.w.org\/{rel}","templated":true}]}}